{"id":1136,"date":"2024-01-17T00:39:01","date_gmt":"2024-01-16T23:39:01","guid":{"rendered":"https:\/\/www.ergobau.it\/?page_id=1136"},"modified":"2024-01-31T19:29:21","modified_gmt":"2024-01-31T18:29:21","slug":"immobili","status":"publish","type":"page","link":"https:\/\/www.ergobau.it\/de\/immobili\/","title":{"rendered":"Immobilien"},"content":{"rendered":"<div data-elementor-type=\"wp-page\" data-elementor-id=\"1136\" class=\"elementor elementor-1136\" data-elementor-post-type=\"page\">\n\t\t\t\t\t\t<section class=\"elementor-section elementor-top-section elementor-element elementor-element-e2faf56 elementor-section-height-full elementor-section-boxed elementor-section-height-default elementor-section-items-middle\" data-id=\"e2faf56\" data-element_type=\"section\" data-e-type=\"section\" data-settings=\"{&quot;background_background&quot;:&quot;classic&quot;}\">\n\t\t\t\t\t\t\t<div class=\"elementor-background-overlay\"><\/div>\n\t\t\t\t\t\t\t<div class=\"elementor-container elementor-column-gap-default\">\n\t\t\t\t\t<div class=\"elementor-column elementor-col-100 elementor-top-column elementor-element elementor-element-172d1f7\" data-id=\"172d1f7\" data-element_type=\"column\" data-e-type=\"column\" data-settings=\"{&quot;background_background&quot;:&quot;classic&quot;}\">\n\t\t\t<div class=\"elementor-widget-wrap elementor-element-populated\">\n\t\t\t\t\t\t<section class=\"elementor-section elementor-inner-section elementor-element elementor-element-3ede02e elementor-section-boxed elementor-section-height-default elementor-section-height-default\" data-id=\"3ede02e\" data-element_type=\"section\" data-e-type=\"section\" data-settings=\"{&quot;background_background&quot;:&quot;classic&quot;}\">\n\t\t\t\t\t\t<div class=\"elementor-container elementor-column-gap-no\">\n\t\t\t\t\t<div class=\"elementor-column elementor-col-33 elementor-inner-column elementor-element elementor-element-26df7f5\" data-id=\"26df7f5\" data-element_type=\"column\" data-e-type=\"column\">\n\t\t\t<div class=\"elementor-widget-wrap\">\n\t\t\t\t\t\t\t<\/div>\n\t\t<\/div>\n\t\t\t\t<div class=\"elementor-column elementor-col-33 elementor-inner-column elementor-element elementor-element-a24386c\" data-id=\"a24386c\" data-element_type=\"column\" data-e-type=\"column\">\n\t\t\t<div class=\"elementor-widget-wrap elementor-element-populated\">\n\t\t\t\t\t\t<div class=\"elementor-element elementor-element-02fbbcb elementor-widget elementor-widget-heading\" data-id=\"02fbbcb\" data-element_type=\"widget\" data-e-type=\"widget\" data-widget_type=\"heading.default\">\n\t\t\t\t<div class=\"elementor-widget-container\">\n\t\t\t\t\t<h2 class=\"elementor-heading-title elementor-size-default\">Immobilien<\/h2>\t\t\t\t<\/div>\n\t\t\t\t<\/div>\n\t\t\t\t<div class=\"elementor-element elementor-element-ca43b96 elementor-widget elementor-widget-text-editor\" data-id=\"ca43b96\" data-element_type=\"widget\" data-e-type=\"widget\" data-widget_type=\"text-editor.default\">\n\t\t\t\t<div class=\"elementor-widget-container\">\n\t\t\t\t\t\t\t\t\t<p>Hier finden Sie, was Sie suchen<\/p>\t\t\t\t\t\t\t\t<\/div>\n\t\t\t\t<\/div>\n\t\t\t\t\t<\/div>\n\t\t<\/div>\n\t\t\t\t<div class=\"elementor-column elementor-col-33 elementor-inner-column elementor-element elementor-element-6e295ee\" data-id=\"6e295ee\" data-element_type=\"column\" data-e-type=\"column\">\n\t\t\t<div class=\"elementor-widget-wrap\">\n\t\t\t\t\t\t\t<\/div>\n\t\t<\/div>\n\t\t\t\t\t<\/div>\n\t\t<\/section>\n\t\t\t\t<section class=\"elementor-section elementor-inner-section elementor-element elementor-element-f0fcdef elementor-section-boxed elementor-section-height-default elementor-section-height-default\" data-id=\"f0fcdef\" data-element_type=\"section\" data-e-type=\"section\">\n\t\t\t\t\t\t<div class=\"elementor-container elementor-column-gap-no\">\n\t\t\t\t\t<div class=\"elementor-column elementor-col-100 elementor-inner-column elementor-element elementor-element-92e19cf\" data-id=\"92e19cf\" data-element_type=\"column\" data-e-type=\"column\">\n\t\t\t<div class=\"elementor-widget-wrap\">\n\t\t\t\t\t\t\t<\/div>\n\t\t<\/div>\n\t\t\t\t\t<\/div>\n\t\t<\/section>\n\t\t\t\t\t<\/div>\n\t\t<\/div>\n\t\t\t\t\t<\/div>\n\t\t<\/section>\n\t\t<div class=\"elementor-element elementor-element-5061427 e-con-full e-flex e-con e-parent\" data-id=\"5061427\" data-element_type=\"container\" data-e-type=\"container\">\n\t\t<div class=\"elementor-element elementor-element-4ecf30b e-con-full e-flex e-con e-child\" data-id=\"4ecf30b\" data-element_type=\"container\" data-e-type=\"container\">\n\t\t\t\t<div class=\"elementor-element elementor-element-816b9c2 elementor-widget elementor-widget-search-filter-form\" data-id=\"816b9c2\" data-element_type=\"widget\" data-e-type=\"widget\" data-widget_type=\"search-filter-form.default\">\n\t\t\t\t<div class=\"elementor-widget-container\">\n\t\t\t\t\t<form data-sf-form-id='1250' data-is-rtl='0' data-maintain-state='' data-results-url='https:\/\/www.ergobau.it\/immobili' data-ajax-url='https:\/\/www.ergobau.it\/immobili?sf_data=all' data-ajax-form-url='https:\/\/www.ergobau.it\/de\/?sfid=1250&amp;sf_action=get_data&amp;sf_data=form' data-display-result-method='elementor_posts_element' data-use-history-api='1' data-template-loaded='0' data-lang-code='de' data-ajax='1' data-ajax-data-type='html' data-ajax-links-selector='.search-filter-results-1250 a.page-numbers' data-ajax-target='.search-filter-results-1250' data-ajax-pagination-type='normal' data-update-ajax-url='1' data-only-results-ajax='1' data-scroll-to-pos='0' data-init-paged='1' data-auto-update='1' data-auto-count='1' data-auto-count-refresh-mode='1' action='https:\/\/www.ergobau.it\/de\/immobili\/' method='post' class='searchandfilter' id='search-filter-form-1250' autocomplete='off' data-instance-count='1' data-trp-original-action=\"https:\/\/www.ergobau.it\/immobili\"><ul><li class=\"sf-field-post-meta-tipo\" data-sf-field-name=\"_sfm_tipo\" data-sf-field-type=\"post_meta\" data-sf-field-input-type=\"select\" data-sf-meta-type=\"choice\"><h4>Art<\/h4>\t\t<label>\n\t\t\t\t   \t\t<select name=\"_sfm_tipo[]\" class=\"sf-input-select\" title=\"\">\n\t\t\t\t\t\t  \t\t\t<option class=\"sf-level-0 sf-item-0 sf-option-active\" selected=\"selected\" data-sf-depth=\"0\" value=\"\">Alle anzeigen<\/option>\n\t\t\t\t\t\t\t\t\t\t\t<option class=\"sf-level-0\" data-sf-count=\"2\" data-sf-depth=\"0\" value=\"Appartamento\">Appartamento&nbsp;&nbsp;(2)<\/option>\n\t\t\t\t\t\t\t\t\t\t\t<option class=\"sf-level-0\" data-sf-count=\"2\" data-sf-depth=\"0\" value=\"Garage\">Garage&nbsp;&nbsp;(2)<\/option>\n\t\t\t\t\t\t\t\t\t\t\t<option class=\"sf-level-0\" data-sf-count=\"1\" data-sf-depth=\"0\" value=\"Penthouse\">Penthouse&nbsp;&nbsp;(1)<\/option>\n\t\t\t\t\t\t\t\t\t\t\t<option class=\"sf-level-0\" data-sf-count=\"1\" data-sf-depth=\"0\" value=\"Villa\">Villa&nbsp;&nbsp;(1)<\/option>\n\t\t\t\t\t\t\t\t\t\t\t<\/select><\/label>\t\t\t\t\t\t\t\t\t\t<\/li><li class=\"sf-field-post-meta-location\" data-sf-field-name=\"_sfm_location\" data-sf-field-type=\"post_meta\" data-sf-field-input-type=\"select\" data-sf-meta-type=\"choice\"><h4>Standort<\/h4>\t\t<label>\n\t\t\t\t   \t\t<select name=\"_sfm_location[]\" class=\"sf-input-select\" title=\"\">\n\t\t\t\t\t\t  \t\t\t<option class=\"sf-level-0 sf-item-0 sf-option-active\" selected=\"selected\" data-sf-depth=\"0\" value=\"\">Alle Standorte<\/option>\n\t\t\t\t\t\t\t\t\t\t\t<option class=\"sf-level-0\" data-sf-count=\"1\" data-sf-depth=\"0\" value=\"Bolzano\">Bolzano&nbsp;&nbsp;(1)<\/option>\n\t\t\t\t\t\t\t\t\t\t\t<option class=\"sf-level-0\" data-sf-count=\"1\" data-sf-depth=\"0\" value=\"Missiano\">Missiano&nbsp;&nbsp;(1)<\/option>\n\t\t\t\t\t\t\t\t\t\t\t<option class=\"sf-level-0\" data-sf-count=\"3\" data-sf-depth=\"0\" value=\"Nalles\">Nalles&nbsp;&nbsp;(3)<\/option>\n\t\t\t\t\t\t\t\t\t\t\t<option class=\"sf-level-0\" data-sf-count=\"1\" data-sf-depth=\"0\" value=\"Postal\">Postal&nbsp;&nbsp;(1)<\/option>\n\t\t\t\t\t\t\t\t\t\t\t<\/select><\/label>\t\t\t\t\t\t\t\t\t\t<\/li><li class=\"sf-field-post-meta-locali\" data-sf-field-name=\"_sfm_locali\" data-sf-field-type=\"post_meta\" data-sf-field-input-type=\"range-slider\" data-sf-meta-type=\"number\"><h4>Anzahl der R\u00e4ume<\/h4>\t\t<div  data-start-min=\"2\" data-start-max=\"4\" data-start-min-formatted=\"2\" data-start-max-formatted=\"4\" data-min=\"2\" data-max=\"4\" data-step=\"1\" data-decimal-places=\"0\" data-thousand-seperator=\"\" data-decimal-seperator=\".\" data-display-values-as=\"text\" data-sf-field-name=\"_sfm_locali\" class=\"sf-meta-range sf-meta-range-slider\">\n\t\t\n\t\t\t<span class=\"sf-range-min sf-text-number\">2<\/span><span class=\"sf-range-values-seperator\"> - <\/span><span class=\"sf-range-max sf-text-number\">4<\/span>\t\t\t\n\t\t\t<div class=\"meta-slider\"><\/div>\n\t\t<\/div>\n\t\t<\/li><li class=\"sf-field-post-meta-giardino\" data-sf-field-name=\"_sfm_giardino\" data-sf-field-type=\"post_meta\" data-sf-field-input-type=\"checkbox\" data-sf-meta-type=\"choice\"><h4>Mit Garten<\/h4>\t\t<ul data-operator=\"and\" class=\"\">\n\t\t\t\t\t  <li class=\"sf-level-0\" data-sf-count=\"4\" data-sf-depth=\"0\"><input  class=\"sf-input-checkbox\" type=\"checkbox\" value=\"1\" name=\"_sfm_giardino[]\" id=\"sf-input-f99a5f61b3dfacb43e61ccc34d6d9377\"><label class=\"sf-label-checkbox\" for=\"sf-input-f99a5f61b3dfacb43e61ccc34d6d9377\">Ja<\/label><\/li>\t\t<\/ul>\n\t\t<\/li><li class=\"sf-field-post-meta-ultimo_piano\" data-sf-field-name=\"_sfm_ultimo_piano\" data-sf-field-type=\"post_meta\" data-sf-field-input-type=\"checkbox\" data-sf-meta-type=\"choice\"><h4>Obergeschoss<\/h4>\t\t<ul data-operator=\"and\" class=\"\">\n\t\t\t\t\t  <li class=\"sf-level-0\" data-sf-count=\"0\" data-sf-depth=\"0\"><input  class=\"sf-input-checkbox\" type=\"checkbox\" value=\"1\" name=\"_sfm_ultimo_piano[]\" id=\"sf-input-20a010b86d42af0f5c70deb19abd76d5\"><label class=\"sf-label-checkbox\" for=\"sf-input-20a010b86d42af0f5c70deb19abd76d5\">Ja<\/label><\/li>\t\t<\/ul>\n\t\t<\/li><\/ul><input type=\"hidden\" name=\"trp-form-language\" value=\"de\"\/><\/form>\t\t\t\t<\/div>\n\t\t\t\t<\/div>\n\t\t\t\t<\/div>\n\t\t<div class=\"elementor-element elementor-element-42322a2 e-con-full e-flex e-con e-child\" data-id=\"42322a2\" data-element_type=\"container\" data-e-type=\"container\">\n\t\t\t\t<div class=\"search-filter-results-1250 elementor-element elementor-element-6b5d541 elementor-posts--align-left elementor-grid-3 elementor-grid-tablet-2 elementor-grid-mobile-1 elementor-posts--thumbnail-top elementor-widget elementor-widget-posts\" data-id=\"6b5d541\" data-element_type=\"widget\" data-e-type=\"widget\" data-settings=\"{&quot;classic_columns&quot;:&quot;3&quot;,&quot;classic_columns_tablet&quot;:&quot;2&quot;,&quot;classic_columns_mobile&quot;:&quot;1&quot;,&quot;classic_row_gap&quot;:{&quot;unit&quot;:&quot;px&quot;,&quot;size&quot;:35,&quot;sizes&quot;:[]},&quot;classic_row_gap_tablet&quot;:{&quot;unit&quot;:&quot;px&quot;,&quot;size&quot;:&quot;&quot;,&quot;sizes&quot;:[]},&quot;classic_row_gap_mobile&quot;:{&quot;unit&quot;:&quot;px&quot;,&quot;size&quot;:&quot;&quot;,&quot;sizes&quot;:[]}}\" data-widget_type=\"posts.classic\">\n\t\t\t\t<div class=\"elementor-widget-container\">\n\t\t\t\t\t\t\t<div class=\"elementor-posts-container elementor-posts elementor-posts--skin-classic elementor-grid\" role=\"list\">\n\t\t\t\t<article class=\"elementor-post elementor-grid-item post-1925 immobili type-immobili status-publish has-post-thumbnail hentry\" role=\"listitem\">\n\t\t\t\t<a class=\"elementor-post__thumbnail__link\" href=\"https:\/\/www.ergobau.it\/de\/immobili\/residence-maenia-apartment-1-copy-3\/\" tabindex=\"-1\" >\n\t\t\t<div class=\"elementor-post__thumbnail\"><img fetchpriority=\"high\" decoding=\"async\" width=\"550\" height=\"400\" src=\"https:\/\/www.ergobau.it\/wp-content\/uploads\/2025\/01\/Detail_Boden-1-550x400.jpg\" class=\"attachment-sydney-medium-thumb size-sydney-medium-thumb wp-image-1908\" alt=\"\" srcset=\"https:\/\/www.ergobau.it\/wp-content\/uploads\/2025\/01\/Detail_Boden-1-550x400.jpg 550w, https:\/\/www.ergobau.it\/wp-content\/uploads\/2025\/01\/Detail_Boden-1-18x12.jpg 18w\" sizes=\"(max-width: 550px) 100vw, 550px\" \/><\/div>\n\t\t<\/a>\n\t\t\t\t<div class=\"elementor-post__text\">\n\t\t\t\t<h3 class=\"elementor-post__title\">\n\t\t\t<a href=\"https:\/\/www.ergobau.it\/de\/immobili\/residence-maenia-apartment-1-copy-3\/\" >\n\t\t\t\tResidence Maenia &#8211; 4 vani Gardenapartment &#8220;Vestis&#8221;\t\t\t<\/a>\n\t\t<\/h3>\n\t\t\t\t<\/div>\n\t\t\t\t<\/article>\n\t\t\t\t<article class=\"elementor-post elementor-grid-item post-1896 immobili type-immobili status-publish has-post-thumbnail hentry\" role=\"listitem\">\n\t\t\t\t<a class=\"elementor-post__thumbnail__link\" href=\"https:\/\/www.ergobau.it\/de\/immobili\/residence-maenia-apartment-1-copy-2\/\" tabindex=\"-1\" >\n\t\t\t<div class=\"elementor-post__thumbnail\"><img decoding=\"async\" width=\"550\" height=\"400\" src=\"https:\/\/www.ergobau.it\/wp-content\/uploads\/2025\/05\/wohnung-w3-mit-umrandung-550x400.jpg\" class=\"attachment-sydney-medium-thumb size-sydney-medium-thumb wp-image-1904\" alt=\"\" srcset=\"https:\/\/www.ergobau.it\/wp-content\/uploads\/2025\/05\/wohnung-w3-mit-umrandung-550x400.jpg 550w, https:\/\/www.ergobau.it\/wp-content\/uploads\/2025\/05\/wohnung-w3-mit-umrandung-16x12.jpg 16w\" sizes=\"(max-width: 550px) 100vw, 550px\" \/><\/div>\n\t\t<\/a>\n\t\t\t\t<div class=\"elementor-post__text\">\n\t\t\t\t<h3 class=\"elementor-post__title\">\n\t\t\t<a href=\"https:\/\/www.ergobau.it\/de\/immobili\/residence-maenia-apartment-1-copy-2\/\" >\n\t\t\t\tResidence Maenia &#8211; 3 Zimmer &#8220;Gardensuite&#8221;\t\t\t<\/a>\n\t\t<\/h3>\n\t\t\t\t<\/div>\n\t\t\t\t<\/article>\n\t\t\t\t<article class=\"elementor-post elementor-grid-item post-1849 immobili type-immobili status-publish has-post-thumbnail hentry\" role=\"listitem\">\n\t\t\t\t<a class=\"elementor-post__thumbnail__link\" href=\"https:\/\/www.ergobau.it\/de\/immobili\/residence-maenia-apartment-1-copy\/\" tabindex=\"-1\" >\n\t\t\t<div class=\"elementor-post__thumbnail\"><img decoding=\"async\" width=\"550\" height=\"400\" src=\"https:\/\/www.ergobau.it\/wp-content\/uploads\/2025\/05\/wohnung-w3-mit-umrandung-550x400.jpg\" class=\"attachment-sydney-medium-thumb size-sydney-medium-thumb wp-image-1904\" alt=\"\" srcset=\"https:\/\/www.ergobau.it\/wp-content\/uploads\/2025\/05\/wohnung-w3-mit-umrandung-550x400.jpg 550w, https:\/\/www.ergobau.it\/wp-content\/uploads\/2025\/05\/wohnung-w3-mit-umrandung-16x12.jpg 16w\" sizes=\"(max-width: 550px) 100vw, 550px\" \/><\/div>\n\t\t<\/a>\n\t\t\t\t<div class=\"elementor-post__text\">\n\t\t\t\t<h3 class=\"elementor-post__title\">\n\t\t\t<a href=\"https:\/\/www.ergobau.it\/de\/immobili\/residence-maenia-apartment-1-copy\/\" >\n\t\t\t\tPenthouse &#8220;VISTA&#8221; &#8211;  2 Zimmer Apartment\t\t\t<\/a>\n\t\t<\/h3>\n\t\t\t\t<\/div>\n\t\t\t\t<\/article>\n\t\t\t\t<article class=\"elementor-post elementor-grid-item post-1282 immobili type-immobili status-publish has-post-thumbnail hentry\" role=\"listitem\">\n\t\t\t\t<a class=\"elementor-post__thumbnail__link\" href=\"https:\/\/www.ergobau.it\/de\/immobili\/villa-vineam\/\" tabindex=\"-1\" >\n\t\t\t<div class=\"elementor-post__thumbnail\"><img decoding=\"async\" width=\"550\" height=\"400\" src=\"https:\/\/www.ergobau.it\/wp-content\/uploads\/2024\/02\/DJI_20231124084007_0051_D-Bearbeitet-550x400.jpg\" class=\"attachment-sydney-medium-thumb size-sydney-medium-thumb wp-image-1565\" alt=\"\" \/><\/div>\n\t\t<\/a>\n\t\t\t\t<div class=\"elementor-post__text\">\n\t\t\t\t<h3 class=\"elementor-post__title\">\n\t\t\t<a href=\"https:\/\/www.ergobau.it\/de\/immobili\/villa-vineam\/\" >\n\t\t\t\tVilla Vineam &#8211; Villa Aesta\t\t\t<\/a>\n\t\t<\/h3>\n\t\t\t\t<\/div>\n\t\t\t\t<\/article>\n\t\t\t\t<article class=\"elementor-post elementor-grid-item post-1709 immobili type-immobili status-publish has-post-thumbnail hentry\" role=\"listitem\">\n\t\t\t\t<a class=\"elementor-post__thumbnail__link\" href=\"https:\/\/www.ergobau.it\/de\/immobili\/garage-magazzino\/\" tabindex=\"-1\" >\n\t\t\t<div class=\"elementor-post__thumbnail\"><img loading=\"lazy\" decoding=\"async\" width=\"550\" height=\"400\" src=\"https:\/\/www.ergobau.it\/wp-content\/uploads\/2024\/02\/foto-garage-postal-550x400.jpg\" class=\"attachment-sydney-medium-thumb size-sydney-medium-thumb wp-image-1710\" alt=\"\" srcset=\"https:\/\/www.ergobau.it\/wp-content\/uploads\/2024\/02\/foto-garage-postal-550x400.jpg 550w, https:\/\/www.ergobau.it\/wp-content\/uploads\/2024\/02\/foto-garage-postal-18x12.jpg 18w\" sizes=\"(max-width: 550px) 100vw, 550px\" \/><\/div>\n\t\t<\/a>\n\t\t\t\t<div class=\"elementor-post__text\">\n\t\t\t\t<h3 class=\"elementor-post__title\">\n\t\t\t<a href=\"https:\/\/www.ergobau.it\/de\/immobili\/garage-magazzino\/\" >\n\t\t\t\tGarage\/Magazzino 170 m\u00b2\t\t\t<\/a>\n\t\t<\/h3>\n\t\t\t\t<\/div>\n\t\t\t\t<\/article>\n\t\t\t\t<article class=\"elementor-post elementor-grid-item post-1769 immobili type-immobili status-publish has-post-thumbnail hentry\" role=\"listitem\">\n\t\t\t\t<a class=\"elementor-post__thumbnail__link\" href=\"https:\/\/www.ergobau.it\/de\/immobili\/1769\/\" tabindex=\"-1\" >\n\t\t\t<div class=\"elementor-post__thumbnail\"><img loading=\"lazy\" decoding=\"async\" width=\"550\" height=\"400\" src=\"https:\/\/www.ergobau.it\/wp-content\/uploads\/2024\/04\/garagentor-550x400.jpg\" class=\"attachment-sydney-medium-thumb size-sydney-medium-thumb wp-image-1776\" alt=\"\" \/><\/div>\n\t\t<\/a>\n\t\t\t\t<div class=\"elementor-post__text\">\n\t\t\t\t<h3 class=\"elementor-post__title\">\n\t\t\t<a href=\"https:\/\/www.ergobau.it\/de\/immobili\/1769\/\" >\n\t\t\t\tGarage in Bozen Zentrum\t\t\t<\/a>\n\t\t<\/h3>\n\t\t\t\t<\/div>\n\t\t\t\t<\/article>\n\t\t\t\t<\/div>\n\t\t\n\t\t\t\t\t\t<\/div>\n\t\t\t\t<\/div>\n\t\t\t\t<\/div>\n\t\t\t\t<\/div>\n\t\t\t\t<\/div>","protected":false},"excerpt":{"rendered":"<p>immobili Qui troverai ci\u00f2 che stai cercando Tipologia Vedi tuttiAppartamento&nbsp;&nbsp;(1)Penthouse&nbsp;&nbsp;(1)Villa&nbsp;&nbsp;(2) Localit\u00e0 Tutte le localit\u00e0Missiano&nbsp;&nbsp;(4) Nr. di locali 10 &#8211; 15 Con giardino<\/p>","protected":false},"author":1,"featured_media":0,"parent":0,"menu_order":0,"comment_status":"closed","ping_status":"closed","template":"page-templates\/page_front-page.php","meta":{"_acf_changed":false,"footnotes":""},"class_list":["post-1136","page","type-page","status-publish","hentry"],"acf":[],"_links":{"self":[{"href":"https:\/\/www.ergobau.it\/de\/wp-json\/wp\/v2\/pages\/1136","targetHints":{"allow":["GET"]}}],"collection":[{"href":"https:\/\/www.ergobau.it\/de\/wp-json\/wp\/v2\/pages"}],"about":[{"href":"https:\/\/www.ergobau.it\/de\/wp-json\/wp\/v2\/types\/page"}],"author":[{"embeddable":true,"href":"https:\/\/www.ergobau.it\/de\/wp-json\/wp\/v2\/users\/1"}],"replies":[{"embeddable":true,"href":"https:\/\/www.ergobau.it\/de\/wp-json\/wp\/v2\/comments?post=1136"}],"version-history":[{"count":133,"href":"https:\/\/www.ergobau.it\/de\/wp-json\/wp\/v2\/pages\/1136\/revisions"}],"predecessor-version":[{"id":1471,"href":"https:\/\/www.ergobau.it\/de\/wp-json\/wp\/v2\/pages\/1136\/revisions\/1471"}],"wp:attachment":[{"href":"https:\/\/www.ergobau.it\/de\/wp-json\/wp\/v2\/media?parent=1136"}],"curies":[{"name":"wp","href":"https:\/\/api.w.org\/{rel}","templated":true}]}}