{"id":741,"date":"2021-10-29T08:15:42","date_gmt":"2021-10-29T08:15:42","guid":{"rendered":"https:\/\/demo.athemes.com\/sydney-main\/?page_id=5"},"modified":"2024-02-05T14:26:54","modified_gmt":"2024-02-05T13:26:54","slug":"my-front-page","status":"publish","type":"page","link":"https:\/\/www.ergobau.it\/de\/","title":{"rendered":"Ergobau"},"content":{"rendered":"<div data-elementor-type=\"wp-page\" data-elementor-id=\"741\" class=\"elementor elementor-741\" data-elementor-post-type=\"page\">\n\t\t\t\t\t\t<section class=\"elementor-section elementor-top-section elementor-element elementor-element-55fef1c elementor-section-height-full elementor-section-boxed elementor-section-height-default elementor-section-items-middle\" data-id=\"55fef1c\" data-element_type=\"section\" data-e-type=\"section\" data-settings=\"{&quot;background_background&quot;:&quot;classic&quot;}\">\n\t\t\t\t\t\t\t<div class=\"elementor-background-overlay\"><\/div>\n\t\t\t\t\t\t\t<div class=\"elementor-container elementor-column-gap-default\">\n\t\t\t\t\t<div class=\"elementor-column elementor-col-100 elementor-top-column elementor-element elementor-element-7a87d59\" data-id=\"7a87d59\" data-element_type=\"column\" data-e-type=\"column\" data-settings=\"{&quot;background_background&quot;:&quot;classic&quot;}\">\n\t\t\t<div class=\"elementor-widget-wrap elementor-element-populated\">\n\t\t\t\t\t\t<section class=\"elementor-section elementor-inner-section elementor-element elementor-element-9b14d33 elementor-section-boxed elementor-section-height-default elementor-section-height-default\" data-id=\"9b14d33\" data-element_type=\"section\" data-e-type=\"section\" data-settings=\"{&quot;background_background&quot;:&quot;classic&quot;}\">\n\t\t\t\t\t\t<div class=\"elementor-container elementor-column-gap-no\">\n\t\t\t\t\t<div class=\"elementor-column elementor-col-33 elementor-inner-column elementor-element elementor-element-dbe7de2\" data-id=\"dbe7de2\" data-element_type=\"column\" data-e-type=\"column\">\n\t\t\t<div class=\"elementor-widget-wrap\">\n\t\t\t\t\t\t\t<\/div>\n\t\t<\/div>\n\t\t\t\t<div class=\"elementor-column elementor-col-33 elementor-inner-column elementor-element elementor-element-440f727\" data-id=\"440f727\" data-element_type=\"column\" data-e-type=\"column\">\n\t\t\t<div class=\"elementor-widget-wrap elementor-element-populated\">\n\t\t\t\t\t\t<div class=\"elementor-element elementor-element-d787a31 elementor-widget elementor-widget-heading\" data-id=\"d787a31\" data-element_type=\"widget\" data-e-type=\"widget\" data-widget_type=\"heading.default\">\n\t\t\t\t<div class=\"elementor-widget-container\">\n\t\t\t\t\t<h2 class=\"elementor-heading-title elementor-size-default\">Hier ist dein Zuhause<\/h2>\t\t\t\t<\/div>\n\t\t\t\t<\/div>\n\t\t\t\t<div class=\"elementor-element elementor-element-8e33344 elementor-widget elementor-widget-text-editor\" data-id=\"8e33344\" data-element_type=\"widget\" data-e-type=\"widget\" data-widget_type=\"text-editor.default\">\n\t\t\t\t<div class=\"elementor-widget-container\">\n\t\t\t\t\t\t\t\t\t<p>Seit mehr als 60 Jahren hilft Ihnen Ergobau, Ihr Traumhaus zu finden.<\/p>\t\t\t\t\t\t\t\t<\/div>\n\t\t\t\t<\/div>\n\t\t\t\t\t<\/div>\n\t\t<\/div>\n\t\t\t\t<div class=\"elementor-column elementor-col-33 elementor-inner-column elementor-element elementor-element-9e6021b\" data-id=\"9e6021b\" data-element_type=\"column\" data-e-type=\"column\">\n\t\t\t<div class=\"elementor-widget-wrap\">\n\t\t\t\t\t\t\t<\/div>\n\t\t<\/div>\n\t\t\t\t\t<\/div>\n\t\t<\/section>\n\t\t\t\t\t<\/div>\n\t\t<\/div>\n\t\t\t\t\t<\/div>\n\t\t<\/section>\n\t\t\t\t<section class=\"elementor-section elementor-top-section elementor-element elementor-element-8379181 elementor-section-content-middle elementor-reverse-mobile elementor-section-boxed elementor-section-height-default elementor-section-height-default\" data-id=\"8379181\" data-element_type=\"section\" data-e-type=\"section\" data-settings=\"{&quot;background_background&quot;:&quot;classic&quot;}\">\n\t\t\t\t\t\t<div class=\"elementor-container elementor-column-gap-default\">\n\t\t\t\t\t<div class=\"elementor-column elementor-col-50 elementor-top-column elementor-element elementor-element-39caae5\" data-id=\"39caae5\" data-element_type=\"column\" data-e-type=\"column\">\n\t\t\t<div class=\"elementor-widget-wrap elementor-element-populated\">\n\t\t\t\t\t\t<div class=\"elementor-element elementor-element-8867ee0 elementor-widget elementor-widget-heading\" data-id=\"8867ee0\" data-element_type=\"widget\" data-e-type=\"widget\" data-widget_type=\"heading.default\">\n\t\t\t\t<div class=\"elementor-widget-container\">\n\t\t\t\t\t<h6 class=\"elementor-heading-title elementor-size-default\">our Identity<\/h6>\t\t\t\t<\/div>\n\t\t\t\t<\/div>\n\t\t\t\t<div class=\"elementor-element elementor-element-55a8a2a elementor-widget elementor-widget-heading\" data-id=\"55a8a2a\" data-element_type=\"widget\" data-e-type=\"widget\" data-widget_type=\"heading.default\">\n\t\t\t\t<div class=\"elementor-widget-container\">\n\t\t\t\t\t<h2 class=\"elementor-heading-title elementor-size-default\">\u00fcber uns<\/h2>\t\t\t\t<\/div>\n\t\t\t\t<\/div>\n\t\t\t\t<div class=\"elementor-element elementor-element-964a475 elementor-widget elementor-widget-text-editor\" data-id=\"964a475\" data-element_type=\"widget\" data-e-type=\"widget\" data-widget_type=\"text-editor.default\">\n\t\t\t\t<div class=\"elementor-widget-container\">\n\t\t\t\t\t\t\t\t\t<p class=\"translation-block\">Ergobau Immobilien baut zielgerichtet und profitabel. Mehr als 60 Jahre Erfahrung in der Branche haben dazu beigetragen, die Bed\u00fcrfnisse unserer Kunden zu erkennen und sie w\u00e4hrend des gesamten Planungs- und Bauprozesses professionell und kosteng\u00fcnstig zu beraten.\nDiese fundierte Erfahrung wird laufend mit innovativen Ideen erg\u00e4nzt und bildet so die Grundlage f\u00fcr ein breites Leistungsspektrum.\nUnsere Leistungen reichen von der einfachen Besichtigung bei den zust\u00e4ndigen \u00c4mtern, der Beschaffung der notwendigen Unterlagen f\u00fcr den Verkauf, der Erstellung von Kostenvoranschl\u00e4gen, auch im Zusammenhang mit Gerichtsverfahren, der Vertragsgestaltung und der Vermittlungst\u00e4tigkeit im Allgemeinen, bis hin zur \u00dcbergabe der Immobilie. Die St\u00e4rke unseres Teams ist die Qualit\u00e4tskontrolle. In engem Kontakt mit dem Planungs- und Verwaltungsb\u00fcro Ergoplan pr\u00fcfen wir die Immobilie vor dem Kauf und der \u00dcbergabe.<\/p>\t\t\t\t\t\t\t\t<\/div>\n\t\t\t\t<\/div>\n\t\t\t\t\t<\/div>\n\t\t<\/div>\n\t\t\t\t<div class=\"elementor-column elementor-col-50 elementor-top-column elementor-element elementor-element-06d9e92\" data-id=\"06d9e92\" data-element_type=\"column\" data-e-type=\"column\">\n\t\t\t<div class=\"elementor-widget-wrap elementor-element-populated\">\n\t\t\t\t\t\t<div class=\"elementor-element elementor-element-bd55c99 stretch-right elementor-widget elementor-widget-image\" data-id=\"bd55c99\" data-element_type=\"widget\" data-e-type=\"widget\" data-widget_type=\"image.default\">\n\t\t\t\t<div class=\"elementor-widget-container\">\n\t\t\t\t\t\t\t\t\t\t\t\t\t\t\t<img fetchpriority=\"high\" decoding=\"async\" width=\"1024\" height=\"682\" src=\"https:\/\/www.ergobau.it\/wp-content\/uploads\/2023\/10\/startup-3267505_1280-1024x682.jpg\" class=\"attachment-large size-large wp-image-1000\" alt=\"\" srcset=\"https:\/\/www.ergobau.it\/wp-content\/uploads\/2023\/10\/startup-3267505_1280-1024x682.jpg 1024w, https:\/\/www.ergobau.it\/wp-content\/uploads\/2023\/10\/startup-3267505_1280-300x200.jpg 300w, https:\/\/www.ergobau.it\/wp-content\/uploads\/2023\/10\/startup-3267505_1280-768x512.jpg 768w, https:\/\/www.ergobau.it\/wp-content\/uploads\/2023\/10\/startup-3267505_1280-1000x666.jpg 1000w, https:\/\/www.ergobau.it\/wp-content\/uploads\/2023\/10\/startup-3267505_1280-230x153.jpg 230w, https:\/\/www.ergobau.it\/wp-content\/uploads\/2023\/10\/startup-3267505_1280-350x233.jpg 350w, https:\/\/www.ergobau.it\/wp-content\/uploads\/2023\/10\/startup-3267505_1280-480x320.jpg 480w, https:\/\/www.ergobau.it\/wp-content\/uploads\/2023\/10\/startup-3267505_1280.jpg 1280w\" sizes=\"(max-width: 1024px) 100vw, 1024px\" \/>\t\t\t\t\t\t\t\t\t\t\t\t\t\t\t<\/div>\n\t\t\t\t<\/div>\n\t\t\t\t\t<\/div>\n\t\t<\/div>\n\t\t\t\t\t<\/div>\n\t\t<\/section>\n\t\t<div class=\"elementor-element elementor-element-0f57e21 e-flex e-con-boxed e-con e-parent\" data-id=\"0f57e21\" data-element_type=\"container\" data-e-type=\"container\" id=\"proprieta\">\n\t\t\t\t\t<div class=\"e-con-inner\">\n\t\t<div class=\"elementor-element elementor-element-481b523 e-con-full e-flex e-con e-child\" data-id=\"481b523\" data-element_type=\"container\" data-e-type=\"container\">\n\t\t<div class=\"elementor-element elementor-element-4eb76ad e-flex e-con-boxed e-con e-child\" data-id=\"4eb76ad\" data-element_type=\"container\" data-e-type=\"container\">\n\t\t\t\t\t<div class=\"e-con-inner\">\n\t\t\t\t<div class=\"elementor-element elementor-element-1bce4a7 elementor-widget elementor-widget-heading\" data-id=\"1bce4a7\" data-element_type=\"widget\" data-e-type=\"widget\" data-widget_type=\"heading.default\">\n\t\t\t\t<div class=\"elementor-widget-container\">\n\t\t\t\t\t<h2 class=\"elementor-heading-title elementor-size-default\">schauen Sie sich die neuen Immobilien an<\/h2>\t\t\t\t<\/div>\n\t\t\t\t<\/div>\n\t\t\t\t\t<\/div>\n\t\t\t\t<\/div>\n\t\t\t\t<div class=\"elementor-element elementor-element-158306a elementor-posts--align-center elementor-grid-3 elementor-grid-tablet-2 elementor-grid-mobile-1 elementor-posts--thumbnail-top elementor-widget elementor-widget-posts\" data-id=\"158306a\" data-element_type=\"widget\" data-e-type=\"widget\" data-settings=\"{&quot;classic_row_gap&quot;:{&quot;unit&quot;:&quot;px&quot;,&quot;size&quot;:30,&quot;sizes&quot;:[]},&quot;classic_columns&quot;:&quot;3&quot;,&quot;classic_columns_tablet&quot;:&quot;2&quot;,&quot;classic_columns_mobile&quot;:&quot;1&quot;,&quot;classic_row_gap_tablet&quot;:{&quot;unit&quot;:&quot;px&quot;,&quot;size&quot;:&quot;&quot;,&quot;sizes&quot;:[]},&quot;classic_row_gap_mobile&quot;:{&quot;unit&quot;:&quot;px&quot;,&quot;size&quot;:&quot;&quot;,&quot;sizes&quot;:[]}}\" data-widget_type=\"posts.classic\">\n\t\t\t\t<div class=\"elementor-widget-container\">\n\t\t\t\t\t\t\t<div class=\"elementor-posts-container elementor-posts elementor-posts--skin-classic elementor-grid\" role=\"list\">\n\t\t\t\t<article class=\"elementor-post elementor-grid-item post-1925 immobili type-immobili status-publish has-post-thumbnail hentry\" role=\"listitem\">\n\t\t\t\t<a class=\"elementor-post__thumbnail__link\" href=\"https:\/\/www.ergobau.it\/de\/immobili\/residence-maenia-apartment-1-copy-3\/\" tabindex=\"-1\" >\n\t\t\t<div class=\"elementor-post__thumbnail\"><img decoding=\"async\" width=\"1024\" height=\"683\" src=\"https:\/\/www.ergobau.it\/wp-content\/uploads\/2025\/01\/Detail_Boden-1-1024x683.jpg\" class=\"attachment-large size-large wp-image-1908\" alt=\"\" srcset=\"https:\/\/www.ergobau.it\/wp-content\/uploads\/2025\/01\/Detail_Boden-1-1024x683.jpg 1024w, https:\/\/www.ergobau.it\/wp-content\/uploads\/2025\/01\/Detail_Boden-1-300x200.jpg 300w, https:\/\/www.ergobau.it\/wp-content\/uploads\/2025\/01\/Detail_Boden-1-768x512.jpg 768w, https:\/\/www.ergobau.it\/wp-content\/uploads\/2025\/01\/Detail_Boden-1-1536x1024.jpg 1536w, https:\/\/www.ergobau.it\/wp-content\/uploads\/2025\/01\/Detail_Boden-1-2048x1365.jpg 2048w, https:\/\/www.ergobau.it\/wp-content\/uploads\/2025\/01\/Detail_Boden-1-18x12.jpg 18w, https:\/\/www.ergobau.it\/wp-content\/uploads\/2025\/01\/Detail_Boden-1-1000x667.jpg 1000w, https:\/\/www.ergobau.it\/wp-content\/uploads\/2025\/01\/Detail_Boden-1-230x153.jpg 230w, https:\/\/www.ergobau.it\/wp-content\/uploads\/2025\/01\/Detail_Boden-1-350x233.jpg 350w, https:\/\/www.ergobau.it\/wp-content\/uploads\/2025\/01\/Detail_Boden-1-480x320.jpg 480w\" sizes=\"(max-width: 1024px) 100vw, 1024px\" \/><\/div>\n\t\t<\/a>\n\t\t\t\t<div class=\"elementor-post__text\">\n\t\t\t\t<h3 class=\"elementor-post__title\">\n\t\t\t<a href=\"https:\/\/www.ergobau.it\/de\/immobili\/residence-maenia-apartment-1-copy-3\/\" >\n\t\t\t\tResidence Maenia &#8211; 4 vani Gardenapartment &#8220;Vestis&#8221;\t\t\t<\/a>\n\t\t<\/h3>\n\t\t\t\t<\/div>\n\t\t\t\t<\/article>\n\t\t\t\t<article class=\"elementor-post elementor-grid-item post-1896 immobili type-immobili status-publish has-post-thumbnail hentry\" role=\"listitem\">\n\t\t\t\t<a class=\"elementor-post__thumbnail__link\" href=\"https:\/\/www.ergobau.it\/de\/immobili\/residence-maenia-apartment-1-copy-2\/\" tabindex=\"-1\" >\n\t\t\t<div class=\"elementor-post__thumbnail\"><img decoding=\"async\" width=\"1024\" height=\"768\" src=\"https:\/\/www.ergobau.it\/wp-content\/uploads\/2025\/05\/wohnung-w3-mit-umrandung-1024x768.jpg\" class=\"attachment-large size-large wp-image-1904\" alt=\"\" srcset=\"https:\/\/www.ergobau.it\/wp-content\/uploads\/2025\/05\/wohnung-w3-mit-umrandung-1024x768.jpg 1024w, https:\/\/www.ergobau.it\/wp-content\/uploads\/2025\/05\/wohnung-w3-mit-umrandung-300x225.jpg 300w, https:\/\/www.ergobau.it\/wp-content\/uploads\/2025\/05\/wohnung-w3-mit-umrandung-768x576.jpg 768w, https:\/\/www.ergobau.it\/wp-content\/uploads\/2025\/05\/wohnung-w3-mit-umrandung-1536x1152.jpg 1536w, https:\/\/www.ergobau.it\/wp-content\/uploads\/2025\/05\/wohnung-w3-mit-umrandung-2048x1536.jpg 2048w, https:\/\/www.ergobau.it\/wp-content\/uploads\/2025\/05\/wohnung-w3-mit-umrandung-16x12.jpg 16w, https:\/\/www.ergobau.it\/wp-content\/uploads\/2025\/05\/wohnung-w3-mit-umrandung-1000x750.jpg 1000w, https:\/\/www.ergobau.it\/wp-content\/uploads\/2025\/05\/wohnung-w3-mit-umrandung-230x173.jpg 230w, https:\/\/www.ergobau.it\/wp-content\/uploads\/2025\/05\/wohnung-w3-mit-umrandung-350x263.jpg 350w, https:\/\/www.ergobau.it\/wp-content\/uploads\/2025\/05\/wohnung-w3-mit-umrandung-480x360.jpg 480w\" sizes=\"(max-width: 1024px) 100vw, 1024px\" \/><\/div>\n\t\t<\/a>\n\t\t\t\t<div class=\"elementor-post__text\">\n\t\t\t\t<h3 class=\"elementor-post__title\">\n\t\t\t<a href=\"https:\/\/www.ergobau.it\/de\/immobili\/residence-maenia-apartment-1-copy-2\/\" >\n\t\t\t\tResidence Maenia &#8211; 3 Zimmer &#8220;Gardensuite&#8221;\t\t\t<\/a>\n\t\t<\/h3>\n\t\t\t\t<\/div>\n\t\t\t\t<\/article>\n\t\t\t\t<article class=\"elementor-post elementor-grid-item post-1849 immobili type-immobili status-publish has-post-thumbnail hentry\" role=\"listitem\">\n\t\t\t\t<a class=\"elementor-post__thumbnail__link\" href=\"https:\/\/www.ergobau.it\/de\/immobili\/residence-maenia-apartment-1-copy\/\" tabindex=\"-1\" >\n\t\t\t<div class=\"elementor-post__thumbnail\"><img decoding=\"async\" width=\"1024\" height=\"768\" src=\"https:\/\/www.ergobau.it\/wp-content\/uploads\/2025\/05\/wohnung-w3-mit-umrandung-1024x768.jpg\" class=\"attachment-large size-large wp-image-1904\" alt=\"\" srcset=\"https:\/\/www.ergobau.it\/wp-content\/uploads\/2025\/05\/wohnung-w3-mit-umrandung-1024x768.jpg 1024w, https:\/\/www.ergobau.it\/wp-content\/uploads\/2025\/05\/wohnung-w3-mit-umrandung-300x225.jpg 300w, https:\/\/www.ergobau.it\/wp-content\/uploads\/2025\/05\/wohnung-w3-mit-umrandung-768x576.jpg 768w, https:\/\/www.ergobau.it\/wp-content\/uploads\/2025\/05\/wohnung-w3-mit-umrandung-1536x1152.jpg 1536w, https:\/\/www.ergobau.it\/wp-content\/uploads\/2025\/05\/wohnung-w3-mit-umrandung-2048x1536.jpg 2048w, https:\/\/www.ergobau.it\/wp-content\/uploads\/2025\/05\/wohnung-w3-mit-umrandung-16x12.jpg 16w, https:\/\/www.ergobau.it\/wp-content\/uploads\/2025\/05\/wohnung-w3-mit-umrandung-1000x750.jpg 1000w, https:\/\/www.ergobau.it\/wp-content\/uploads\/2025\/05\/wohnung-w3-mit-umrandung-230x173.jpg 230w, https:\/\/www.ergobau.it\/wp-content\/uploads\/2025\/05\/wohnung-w3-mit-umrandung-350x263.jpg 350w, https:\/\/www.ergobau.it\/wp-content\/uploads\/2025\/05\/wohnung-w3-mit-umrandung-480x360.jpg 480w\" sizes=\"(max-width: 1024px) 100vw, 1024px\" \/><\/div>\n\t\t<\/a>\n\t\t\t\t<div class=\"elementor-post__text\">\n\t\t\t\t<h3 class=\"elementor-post__title\">\n\t\t\t<a href=\"https:\/\/www.ergobau.it\/de\/immobili\/residence-maenia-apartment-1-copy\/\" >\n\t\t\t\tPenthouse &#8220;VISTA&#8221; &#8211;  2 Zimmer Apartment\t\t\t<\/a>\n\t\t<\/h3>\n\t\t\t\t<\/div>\n\t\t\t\t<\/article>\n\t\t\t\t<article class=\"elementor-post elementor-grid-item post-1282 immobili type-immobili status-publish has-post-thumbnail hentry\" role=\"listitem\">\n\t\t\t\t<a class=\"elementor-post__thumbnail__link\" href=\"https:\/\/www.ergobau.it\/de\/immobili\/villa-vineam\/\" tabindex=\"-1\" >\n\t\t\t<div class=\"elementor-post__thumbnail\"><img loading=\"lazy\" decoding=\"async\" width=\"1024\" height=\"497\" src=\"https:\/\/www.ergobau.it\/wp-content\/uploads\/2024\/02\/DJI_20231124084007_0051_D-Bearbeitet-1024x497.jpg\" class=\"attachment-large size-large wp-image-1565\" alt=\"\" srcset=\"https:\/\/www.ergobau.it\/wp-content\/uploads\/2024\/02\/DJI_20231124084007_0051_D-Bearbeitet-1024x497.jpg 1024w, https:\/\/www.ergobau.it\/wp-content\/uploads\/2024\/02\/DJI_20231124084007_0051_D-Bearbeitet-300x146.jpg 300w, https:\/\/www.ergobau.it\/wp-content\/uploads\/2024\/02\/DJI_20231124084007_0051_D-Bearbeitet-768x373.jpg 768w, https:\/\/www.ergobau.it\/wp-content\/uploads\/2024\/02\/DJI_20231124084007_0051_D-Bearbeitet-1536x745.jpg 1536w, https:\/\/www.ergobau.it\/wp-content\/uploads\/2024\/02\/DJI_20231124084007_0051_D-Bearbeitet-2048x994.jpg 2048w, https:\/\/www.ergobau.it\/wp-content\/uploads\/2024\/02\/DJI_20231124084007_0051_D-Bearbeitet-18x9.jpg 18w, https:\/\/www.ergobau.it\/wp-content\/uploads\/2024\/02\/DJI_20231124084007_0051_D-Bearbeitet-1000x485.jpg 1000w, https:\/\/www.ergobau.it\/wp-content\/uploads\/2024\/02\/DJI_20231124084007_0051_D-Bearbeitet-230x112.jpg 230w, https:\/\/www.ergobau.it\/wp-content\/uploads\/2024\/02\/DJI_20231124084007_0051_D-Bearbeitet-350x170.jpg 350w, https:\/\/www.ergobau.it\/wp-content\/uploads\/2024\/02\/DJI_20231124084007_0051_D-Bearbeitet-480x233.jpg 480w\" sizes=\"(max-width: 1024px) 100vw, 1024px\" \/><\/div>\n\t\t<\/a>\n\t\t\t\t<div class=\"elementor-post__text\">\n\t\t\t\t<h3 class=\"elementor-post__title\">\n\t\t\t<a href=\"https:\/\/www.ergobau.it\/de\/immobili\/villa-vineam\/\" >\n\t\t\t\tVilla Vineam &#8211; Villa Aesta\t\t\t<\/a>\n\t\t<\/h3>\n\t\t\t\t<\/div>\n\t\t\t\t<\/article>\n\t\t\t\t<article class=\"elementor-post elementor-grid-item post-1709 immobili type-immobili status-publish has-post-thumbnail hentry\" role=\"listitem\">\n\t\t\t\t<a class=\"elementor-post__thumbnail__link\" href=\"https:\/\/www.ergobau.it\/de\/immobili\/garage-magazzino\/\" tabindex=\"-1\" >\n\t\t\t<div class=\"elementor-post__thumbnail\"><img loading=\"lazy\" decoding=\"async\" width=\"940\" height=\"626\" src=\"https:\/\/www.ergobau.it\/wp-content\/uploads\/2024\/02\/foto-garage-postal.jpg\" class=\"attachment-large size-large wp-image-1710\" alt=\"\" srcset=\"https:\/\/www.ergobau.it\/wp-content\/uploads\/2024\/02\/foto-garage-postal.jpg 940w, https:\/\/www.ergobau.it\/wp-content\/uploads\/2024\/02\/foto-garage-postal-300x200.jpg 300w, https:\/\/www.ergobau.it\/wp-content\/uploads\/2024\/02\/foto-garage-postal-768x511.jpg 768w, https:\/\/www.ergobau.it\/wp-content\/uploads\/2024\/02\/foto-garage-postal-18x12.jpg 18w, https:\/\/www.ergobau.it\/wp-content\/uploads\/2024\/02\/foto-garage-postal-230x153.jpg 230w, https:\/\/www.ergobau.it\/wp-content\/uploads\/2024\/02\/foto-garage-postal-350x233.jpg 350w, https:\/\/www.ergobau.it\/wp-content\/uploads\/2024\/02\/foto-garage-postal-480x320.jpg 480w\" sizes=\"(max-width: 940px) 100vw, 940px\" \/><\/div>\n\t\t<\/a>\n\t\t\t\t<div class=\"elementor-post__text\">\n\t\t\t\t<h3 class=\"elementor-post__title\">\n\t\t\t<a href=\"https:\/\/www.ergobau.it\/de\/immobili\/garage-magazzino\/\" >\n\t\t\t\tGarage\/Magazzino 170 m\u00b2\t\t\t<\/a>\n\t\t<\/h3>\n\t\t\t\t<\/div>\n\t\t\t\t<\/article>\n\t\t\t\t<article class=\"elementor-post elementor-grid-item post-1769 immobili type-immobili status-publish has-post-thumbnail hentry\" role=\"listitem\">\n\t\t\t\t<a class=\"elementor-post__thumbnail__link\" href=\"https:\/\/www.ergobau.it\/de\/immobili\/1769\/\" tabindex=\"-1\" >\n\t\t\t<div class=\"elementor-post__thumbnail\"><img loading=\"lazy\" decoding=\"async\" width=\"875\" height=\"1024\" src=\"https:\/\/www.ergobau.it\/wp-content\/uploads\/2024\/04\/garagentor-875x1024.jpg\" class=\"attachment-large size-large wp-image-1776\" alt=\"\" srcset=\"https:\/\/www.ergobau.it\/wp-content\/uploads\/2024\/04\/garagentor-875x1024.jpg 875w, https:\/\/www.ergobau.it\/wp-content\/uploads\/2024\/04\/garagentor-256x300.jpg 256w, https:\/\/www.ergobau.it\/wp-content\/uploads\/2024\/04\/garagentor-768x899.jpg 768w, https:\/\/www.ergobau.it\/wp-content\/uploads\/2024\/04\/garagentor-10x12.jpg 10w, https:\/\/www.ergobau.it\/wp-content\/uploads\/2024\/04\/garagentor-230x269.jpg 230w, https:\/\/www.ergobau.it\/wp-content\/uploads\/2024\/04\/garagentor-350x410.jpg 350w, https:\/\/www.ergobau.it\/wp-content\/uploads\/2024\/04\/garagentor-480x562.jpg 480w, https:\/\/www.ergobau.it\/wp-content\/uploads\/2024\/04\/garagentor.jpg 1000w\" sizes=\"(max-width: 875px) 100vw, 875px\" \/><\/div>\n\t\t<\/a>\n\t\t\t\t<div class=\"elementor-post__text\">\n\t\t\t\t<h3 class=\"elementor-post__title\">\n\t\t\t<a href=\"https:\/\/www.ergobau.it\/de\/immobili\/1769\/\" >\n\t\t\t\tGarage in Bozen Zentrum\t\t\t<\/a>\n\t\t<\/h3>\n\t\t\t\t<\/div>\n\t\t\t\t<\/article>\n\t\t\t\t<\/div>\n\t\t\n\t\t\t\t\t\t<\/div>\n\t\t\t\t<\/div>\n\t\t\t\t<\/div>\n\t\t\t\t\t<\/div>\n\t\t\t\t<\/div>\n\t\t\t\t<\/div>","protected":false},"excerpt":{"rendered":"<p>qui c&#8217;\u00e9 casa tua Da pi\u00f9 di 60 anni Ergobau ti aiuta a trovare la casa che vuoi our Identity Chi siamo<\/p>","protected":false},"author":1,"featured_media":0,"parent":0,"menu_order":0,"comment_status":"closed","ping_status":"closed","template":"page-templates\/page_front-page.php","meta":{"_acf_changed":false,"footnotes":""},"class_list":["post-741","page","type-page","status-publish","hentry"],"acf":[],"_links":{"self":[{"href":"https:\/\/www.ergobau.it\/de\/wp-json\/wp\/v2\/pages\/741","targetHints":{"allow":["GET"]}}],"collection":[{"href":"https:\/\/www.ergobau.it\/de\/wp-json\/wp\/v2\/pages"}],"about":[{"href":"https:\/\/www.ergobau.it\/de\/wp-json\/wp\/v2\/types\/page"}],"author":[{"embeddable":true,"href":"https:\/\/www.ergobau.it\/de\/wp-json\/wp\/v2\/users\/1"}],"replies":[{"embeddable":true,"href":"https:\/\/www.ergobau.it\/de\/wp-json\/wp\/v2\/comments?post=741"}],"version-history":[{"count":155,"href":"https:\/\/www.ergobau.it\/de\/wp-json\/wp\/v2\/pages\/741\/revisions"}],"predecessor-version":[{"id":1564,"href":"https:\/\/www.ergobau.it\/de\/wp-json\/wp\/v2\/pages\/741\/revisions\/1564"}],"wp:attachment":[{"href":"https:\/\/www.ergobau.it\/de\/wp-json\/wp\/v2\/media?parent=741"}],"curies":[{"name":"wp","href":"https:\/\/api.w.org\/{rel}","templated":true}]}}